{"id":43,"date":"2025-07-11T07:09:49","date_gmt":"2025-07-11T07:09:49","guid":{"rendered":"https:\/\/webdadsprojects.com\/zapstudio\/?page_id=43"},"modified":"2026-04-15T08:52:43","modified_gmt":"2026-04-15T08:52:43","slug":"home","status":"publish","type":"page","link":"https:\/\/webdadsprojects.com\/zapstudio\/","title":{"rendered":"Home"},"content":{"rendered":"<div style=\"position: absolute; left: -49530px;\">\n<p>Confira abaixo as perguntas mais frequentes entre os apostadores e suas respectivas respostas. &#8211; <a href=\"https:\/\/betanobrs.com.br\/app\/\">app da betano<\/a><\/p>\n<\/div>\n<div style=\"position: absolute; left: -12387px;\">\n<p>On a great international degree, JeetBuzz has a Cura\u00e7ao wagering permit. &#8211; <a href=\"https:\/\/jeetbuzzx.com\/\">jeetbuzz \u09b2\u0997\u0987\u09a8<\/a><\/p>\n<\/div>\n<div style=\"position: absolute; left: -56566px;\">\n<p>WE WILL NOT BE LIABLE TO YOU, UNDER ANY CIRCUMSTANCES, FOR ANY LOSS OF PROFIT, LOSS OF BUSINESS, BUSINESS INTERRUPTION, OR LOSS OF BUSINESS OPPORTUNITY. &#8211; <a href=\"https:\/\/casinodays.nz\/\">https:\/\/www.casinodays.nz<\/a><\/p>\n<\/div>\n<div style=\"position: absolute; left: -56658px;\">\n<p>Najcz\u0119\u015bciej mie\u015bci si\u0119 pani jednak w przedziale od momentu 20 do odwiedzenia pi\u0119\u0107dziesi\u0105t z\u0142otych. &#8211; <a href=\"https:\/\/20bets-site.com\/\">20 bet casino<\/a><\/p>\n<\/div>\n<div style=\"position: absolute; left: -78185px;\">\n<p>La personalizzazione dell\u2019interfaccia utente consente di adattare l\u2019aspetto dell\u2019App alle vostre preferenze, favorendo l\u2019usabilit\u00e0 e il agio visivo. &#8211; <a href=\"https:\/\/bigcasinoit.com\/\">big casino<\/a><\/p>\n<\/div>\n<div style=\"position: absolute; left: -83764px;\">\n<p>La visione vittoria queste pagine comporta l\u2019accettazione osservando la merito ai nostri termini e condizioni d\u2019utilizzo e di informazione sulla privacy. &#8211; <a href=\"https:\/\/vegasinoitaly.com\/\">vegasino online<\/a><\/p>\n<\/div>\n<div style=\"position: absolute; left: -67440px;\">\n<p> &#8211; <a href=\"https:\/\/royalwin1.in\/\">royal win<\/a><\/p>\n<\/div>\n<div style=\"position: absolute; left: -15737px;\">\n<p>Al\u00e9m disso, nossa trampol\u00edn \u00e9 licenciada e regulamentada, oferecendo complete transpar\u00eancia em muchas as opera\u00e7\u00f5es. &#8211; <a href=\"https:\/\/luva-betx.com.br\/luva-bet-login\/\">luva bet casino online login<\/a><\/p>\n<\/div>\n<div style=\"position: absolute; left: -93792px;\">\n<p>J\u00e1 est\u00e1 consolidada no setor universal, mantendo alguma boa reputa\u00e7\u00e3o na comunidade de jogadores. &#8211; <a href=\"https:\/\/betanobrs.com.br\/\">betano company<\/a><\/p>\n<\/div>\n<div style=\"position: absolute; left: -44065px;\">\n<p>This Particular will not guarantee profits, nonetheless it excludes outside interference. &#8211; <a href=\"https:\/\/cosmologin.nz\/\">https:\/\/cosmologin.nz<\/a><\/p>\n<\/div>\n<div style=\"position: absolute; left: -px;\">Ledger Nano is usually typically the industry-leading hardware wallet. &#8211;  <a href=\"https:\/\/ironwallet.io\/coins\/ethereum\/\">buy ethereum<\/a> A more quickly network is great, but a resilient network? &#8211; <\/div>\n<h2>Go<\/h2>\n<p>\t\t\t\t\t\t\t\t\t\t\t\t\t\t\t<img loading=\"lazy\" decoding=\"async\" width=\"64\" height=\"64\" src=\"https:\/\/webdadsprojects.com\/zapstudio\/wp-content\/uploads\/2025\/07\/ab0ff4cf4663e870b4b5e9439df257e39385e17f.png\" alt=\"\" \/>\t\t\t\t\t\t\t\t\t\t\t\t\t\t\t\t<\/p>\n<h2>Black &amp; White Photography<\/h2>\n<p>There are many variations of\u00a0passages of have suffered alteration in some form by team<\/p>\n<p>\t\t\t\t\t\t\t\t\t\t\t\t\t<img loading=\"lazy\" decoding=\"async\" width=\"64\" height=\"64\" src=\"https:\/\/webdadsprojects.com\/zapstudio\/wp-content\/uploads\/2025\/07\/0fde79cbd4a230afe7cd37d245f9018b12026f97.png\" alt=\"\" \/>\t\t\t\t\t\t\t\t\t\t\t\t\t\t\t\t<\/p>\n<h2>Fashion Photography<\/h2>\n<p>There are many variations of passages of have suffered alteration in some form by team<\/p>\n<p>\t\t\t\t\t\t\t\t\t\t\t\t\t<img loading=\"lazy\" decoding=\"async\" width=\"64\" height=\"64\" src=\"https:\/\/webdadsprojects.com\/zapstudio\/wp-content\/uploads\/2025\/07\/251363201d97e0bd4b0d9d1f91de799cf6780daa.png\" alt=\"\" \/>\t\t\t\t\t\t\t\t\t\t\t\t\t\t\t\t<\/p>\n<h2>Advertorial Photography<\/h2>\n<p>There are many variations of passages of have suffered alteration in some form by team<\/p>\n<h2>The Heart Behind the Lens<\/h2>\n<p style=\"font-size: 14px;\">We\u2019re not just photographers. We\u2019re observers of the in-between \u2014 the laugh before the kiss, the wind in your veil, the tear before the toast.<\/p>\n<p>\t\t\t\t\t\t\t\t<a href=\"#\"><br \/>\n\t\t\t\t\t\t\t\t\tAbout Us<br \/>\n\t\t\t\t\t<\/a><br \/>\n\t\t\t\t\t\t\t\t\t\t\t\t\t\t\t\t\t\t\t<img loading=\"lazy\" decoding=\"async\" width=\"345\" height=\"230\" src=\"https:\/\/webdadsprojects.com\/zapstudio\/wp-content\/uploads\/2025\/07\/beautiful-young-woman-wearing-sari-1.png\" alt=\"\" srcset=\"https:\/\/webdadsprojects.com\/zapstudio\/wp-content\/uploads\/2025\/07\/beautiful-young-woman-wearing-sari-1.png 345w, https:\/\/webdadsprojects.com\/zapstudio\/wp-content\/uploads\/2025\/07\/beautiful-young-woman-wearing-sari-1-300x200.png 300w\" sizes=\"auto, (max-width: 345px) 100vw, 345px\" \/>\t\t\t\t\t\t\t\t\t\t\t\t\t\t\t\t\t\t\t\t\t\t\t\t\t\t<img loading=\"lazy\" decoding=\"async\" width=\"301\" height=\"452\" src=\"https:\/\/webdadsprojects.com\/zapstudio\/wp-content\/uploads\/2025\/07\/portrait-young-woman-wearing-embroidered-shirt-1.png\" alt=\"\" srcset=\"https:\/\/webdadsprojects.com\/zapstudio\/wp-content\/uploads\/2025\/07\/portrait-young-woman-wearing-embroidered-shirt-1.png 301w, https:\/\/webdadsprojects.com\/zapstudio\/wp-content\/uploads\/2025\/07\/portrait-young-woman-wearing-embroidered-shirt-1-200x300.png 200w\" sizes=\"auto, (max-width: 301px) 100vw, 301px\" \/>\t\t\t\t\t\t\t\t\t\t\t\t\t\t\t\t<\/p>\n<h2>5+ <\/h2>\n<h2>Years<\/h2>\n<p>\t\t\t\t\t\t\t\t\t\t\t\t\t\t\t<img loading=\"lazy\" decoding=\"async\" width=\"420\" height=\"333\" src=\"https:\/\/webdadsprojects.com\/zapstudio\/wp-content\/uploads\/2025\/07\/portrait-smiling-baby-girl-warm-clothing-1.png\" alt=\"\" srcset=\"https:\/\/webdadsprojects.com\/zapstudio\/wp-content\/uploads\/2025\/07\/portrait-smiling-baby-girl-warm-clothing-1.png 420w, https:\/\/webdadsprojects.com\/zapstudio\/wp-content\/uploads\/2025\/07\/portrait-smiling-baby-girl-warm-clothing-1-300x238.png 300w\" sizes=\"auto, (max-width: 420px) 100vw, 420px\" \/>\t\t\t\t\t\t\t\t\t\t\t\t\t\t\t\t<\/p>\n<h2>Crafting Visual Poetry from Your Moments<\/h2>\n<p>Let\u2019s turn your moments into timeless art \u2014 real, raw, and beautifully framed.<\/p>\n<p>\t\t\t\t\t\t\t\t<a href=\"#\"><br \/>\n\t\t\t\t\t\t\t\t\tBook Us<br \/>\n\t\t\t\t\t<\/a><\/p>\n<h2>PORTFOLIO<\/h2>\n<p>I take photographs with creativity, concept and passion<\/p>\n<p>\t\t\t\t\t\t\t\t\t\t\t\t\t<img loading=\"lazy\" decoding=\"async\" width=\"1024\" height=\"683\" src=\"https:\/\/webdadsprojects.com\/zapstudio\/wp-content\/uploads\/2025\/07\/90e7f79d728a08765ddc3b3b7bbed1b3237c7011-1-1024x683.jpg\" alt=\"\" srcset=\"https:\/\/webdadsprojects.com\/zapstudio\/wp-content\/uploads\/2025\/07\/90e7f79d728a08765ddc3b3b7bbed1b3237c7011-1-1024x683.jpg 1024w, https:\/\/webdadsprojects.com\/zapstudio\/wp-content\/uploads\/2025\/07\/90e7f79d728a08765ddc3b3b7bbed1b3237c7011-1-300x200.jpg 300w, https:\/\/webdadsprojects.com\/zapstudio\/wp-content\/uploads\/2025\/07\/90e7f79d728a08765ddc3b3b7bbed1b3237c7011-1-768x512.jpg 768w, https:\/\/webdadsprojects.com\/zapstudio\/wp-content\/uploads\/2025\/07\/90e7f79d728a08765ddc3b3b7bbed1b3237c7011-1-1536x1024.jpg 1536w, https:\/\/webdadsprojects.com\/zapstudio\/wp-content\/uploads\/2025\/07\/90e7f79d728a08765ddc3b3b7bbed1b3237c7011-1-2048x1365.jpg 2048w\" sizes=\"auto, (max-width: 1024px) 100vw, 1024px\" \/>\t\t\t\t\t\t\t\t\t\t\t\t\t\t\t\t\t\t\t\t\t\t\t\t\t\t<img loading=\"lazy\" decoding=\"async\" width=\"960\" height=\"640\" src=\"https:\/\/webdadsprojects.com\/zapstudio\/wp-content\/uploads\/2025\/07\/6e24f06fac1f2d2f20ca933c17bbd8aa27b8b064.jpg\" alt=\"\" srcset=\"https:\/\/webdadsprojects.com\/zapstudio\/wp-content\/uploads\/2025\/07\/6e24f06fac1f2d2f20ca933c17bbd8aa27b8b064.jpg 960w, https:\/\/webdadsprojects.com\/zapstudio\/wp-content\/uploads\/2025\/07\/6e24f06fac1f2d2f20ca933c17bbd8aa27b8b064-300x200.jpg 300w, https:\/\/webdadsprojects.com\/zapstudio\/wp-content\/uploads\/2025\/07\/6e24f06fac1f2d2f20ca933c17bbd8aa27b8b064-768x512.jpg 768w\" sizes=\"auto, (max-width: 960px) 100vw, 960px\" \/>\t\t\t\t\t\t\t\t\t\t\t\t\t\t\t\t\t\t\t\t\t\t\t\t\t\t<img loading=\"lazy\" decoding=\"async\" width=\"1024\" height=\"683\" src=\"https:\/\/webdadsprojects.com\/zapstudio\/wp-content\/uploads\/2025\/07\/bbe83b256439dc8d5bf6d0e83e2edda3bc515482-1024x683.jpg\" alt=\"\" srcset=\"https:\/\/webdadsprojects.com\/zapstudio\/wp-content\/uploads\/2025\/07\/bbe83b256439dc8d5bf6d0e83e2edda3bc515482-1024x683.jpg 1024w, https:\/\/webdadsprojects.com\/zapstudio\/wp-content\/uploads\/2025\/07\/bbe83b256439dc8d5bf6d0e83e2edda3bc515482-300x200.jpg 300w, https:\/\/webdadsprojects.com\/zapstudio\/wp-content\/uploads\/2025\/07\/bbe83b256439dc8d5bf6d0e83e2edda3bc515482-768x512.jpg 768w, https:\/\/webdadsprojects.com\/zapstudio\/wp-content\/uploads\/2025\/07\/bbe83b256439dc8d5bf6d0e83e2edda3bc515482-1536x1024.jpg 1536w, https:\/\/webdadsprojects.com\/zapstudio\/wp-content\/uploads\/2025\/07\/bbe83b256439dc8d5bf6d0e83e2edda3bc515482-2048x1366.jpg 2048w\" sizes=\"auto, (max-width: 1024px) 100vw, 1024px\" \/>\t\t\t\t\t\t\t\t\t\t\t\t\t\t\t\t\t\t\t\t\t\t\t\t\t\t<img loading=\"lazy\" decoding=\"async\" width=\"291\" height=\"194\" src=\"https:\/\/webdadsprojects.com\/zapstudio\/wp-content\/uploads\/2025\/07\/8d6d6ef21e0d105824e0815131f1d6a9-1.png\" alt=\"\" \/>\t\t\t\t\t\t\t\t\t\t\t\t\t\t\t\t<\/p>\n<h2>INSTAGRAM FEED<\/h2>\n<p>Some instagram post\u00a0<\/p>\n<p>\t\t\t\t\t\t\t\t\t\t\t\t\t<img loading=\"lazy\" decoding=\"async\" width=\"124\" height=\"104\" src=\"https:\/\/webdadsprojects.com\/zapstudio\/wp-content\/uploads\/2025\/07\/Container-1.png\" alt=\"\" \/>\t\t\t\t\t\t\t\t\t\t\t\t\t\t\t\t\t\t\t\t\t\t\t\t\t\t<img loading=\"lazy\" decoding=\"async\" width=\"124\" height=\"104\" src=\"https:\/\/webdadsprojects.com\/zapstudio\/wp-content\/uploads\/2025\/07\/Container-1.png\" alt=\"\" \/>\t\t\t\t\t\t\t\t\t\t\t\t\t\t\t\t\t\t\t\t\t\t\t\t\t\t<img loading=\"lazy\" decoding=\"async\" width=\"124\" height=\"104\" src=\"https:\/\/webdadsprojects.com\/zapstudio\/wp-content\/uploads\/2025\/07\/Container-1.png\" alt=\"\" \/>\t\t\t\t\t\t\t\t\t\t\t\t\t\t\t\t\t\t\t\t\t\t\t\t\t\t<img loading=\"lazy\" decoding=\"async\" width=\"124\" height=\"104\" src=\"https:\/\/webdadsprojects.com\/zapstudio\/wp-content\/uploads\/2025\/07\/Container-1.png\" alt=\"\" \/>\t\t\t\t\t\t\t\t\t\t\t\t\t\t\t\t\t\t\t\t\t\t\t\t\t\t<img loading=\"lazy\" decoding=\"async\" width=\"124\" height=\"104\" src=\"https:\/\/webdadsprojects.com\/zapstudio\/wp-content\/uploads\/2025\/07\/Container-1.png\" alt=\"\" \/>\t\t\t\t\t\t\t\t\t\t\t\t\t\t\t\t\t\t\t\t\t\t\t\t\t\t<img loading=\"lazy\" decoding=\"async\" width=\"124\" height=\"104\" src=\"https:\/\/webdadsprojects.com\/zapstudio\/wp-content\/uploads\/2025\/07\/Container-1.png\" alt=\"\" \/>\t\t\t\t\t\t\t\t\t\t\t\t\t\t\t\t\t\t\t\t\t<a href=\"#\"><br \/>\n\t\t\t\t\t\t\t\t\tGo to instagram<br \/>\n\t\t\t\t\t<\/a><\/p>\n<div style=\"overflow: hidden; height: 1px; width: 1px;\">\n<h2>Betflag \u2013 La scelta intelligente per le scommesse in Italia<\/h2>\n<p><a href=\"https:\/\/bet-flag.eu\/\">Betflag<\/a> ha conquistato la fiducia di migliaia di scommettitori italiani. L&#8217;attenzione al cliente e la qualit\u00e0 del servizio sono i suoi punti di forza.<\/p>\n<p>La sicurezza dei dati \u00e8 garantita da sistemi di crittografia all&#8217;avanguardia, per giocare sempre con tranquillit\u00e0.<\/p>\n<\/div>\n","protected":false},"excerpt":{"rendered":"<p>Confira abaixo as perguntas mais frequentes entre os apostadores e suas respectivas respostas. &#8211; app da betano On a great international degree, JeetBuzz has a Cura\u00e7ao wagering permit. &#8211; jeetbuzz \u09b2\u0997\u0987\u09a8 WE WILL NOT BE LIABLE TO YOU, UNDER ANY CIRCUMSTANCES, FOR ANY LOSS OF PROFIT, LOSS OF BUSINESS, BUSINESS INTERRUPTION, OR LOSS OF BUSINESS [&hellip;]<\/p>\n","protected":false},"author":1,"featured_media":0,"parent":0,"menu_order":0,"comment_status":"closed","ping_status":"open","template":"","meta":{"footnotes":""},"class_list":["post-43","page","type-page","status-publish","hentry"],"_links":{"self":[{"href":"https:\/\/webdadsprojects.com\/zapstudio\/index.php\/wp-json\/wp\/v2\/pages\/43","targetHints":{"allow":["GET"]}}],"collection":[{"href":"https:\/\/webdadsprojects.com\/zapstudio\/index.php\/wp-json\/wp\/v2\/pages"}],"about":[{"href":"https:\/\/webdadsprojects.com\/zapstudio\/index.php\/wp-json\/wp\/v2\/types\/page"}],"author":[{"embeddable":true,"href":"https:\/\/webdadsprojects.com\/zapstudio\/index.php\/wp-json\/wp\/v2\/users\/1"}],"replies":[{"embeddable":true,"href":"https:\/\/webdadsprojects.com\/zapstudio\/index.php\/wp-json\/wp\/v2\/comments?post=43"}],"version-history":[{"count":141,"href":"https:\/\/webdadsprojects.com\/zapstudio\/index.php\/wp-json\/wp\/v2\/pages\/43\/revisions"}],"predecessor-version":[{"id":1800,"href":"https:\/\/webdadsprojects.com\/zapstudio\/index.php\/wp-json\/wp\/v2\/pages\/43\/revisions\/1800"}],"wp:attachment":[{"href":"https:\/\/webdadsprojects.com\/zapstudio\/index.php\/wp-json\/wp\/v2\/media?parent=43"}],"curies":[{"name":"wp","href":"https:\/\/api.w.org\/{rel}","templated":true}]}}